{"id":22,"date":"2020-07-09T08:47:41","date_gmt":"2020-07-09T08:47:41","guid":{"rendered":"https:\/\/btshub.lu\/?page_id=22"},"modified":"2026-03-07T11:42:33","modified_gmt":"2026-03-07T10:42:33","slug":"inscription","status":"publish","type":"page","link":"https:\/\/btshub.lu\/?page_id=22","title":{"rendered":"Registration"},"content":{"rendered":"\r\n<p style=\"font-weight: 400\">The conditions for admission to BTS studies are regulated by articles 10 to 12 of the Law of 21 July 2023 on the organisation of higher education (<a href=\"https:\/\/legilux.public.lu\/eli\/etat\/leg\/loi\/2023\/07\/21\/a470\/jo\">loi du 21 juillet 2023<\/a>).<\/p>\r\n<p style=\"font-weight: 400\">We would like to draw your attention to the fact that, as stated in Article 10 (1) 3\u00b0 of this law, any holder of a foreign diploma must apply for <strong>diploma equivalence<\/strong> from the <em>Minist\u00e8re de l&#8217;\u00c9ducation nationale, de l&#8217;Enfance et de la Jeunesse (MENJE) &#8211; Service de la reconnaissance des dipl\u00f4mes<\/em>.<\/p>\r\n<p style=\"font-weight: 400\">Registrations can only be completed via our online system, accessible at the following address:\u00a0<a href=\"https:\/\/ssl.ltam.lu\/inscription\/\">https:\/\/ssl.am.lu\/inscription\/<\/a>.<\/p>\r\n<p>&nbsp;<\/p>\r\n<p>Access detailed information about the application process by selecting one of the sections below:<\/p>\r\n<ul>\r\n<li><a href=\"https:\/\/btshub.lu\/?page_id=758\">Admission requirements<\/a><\/li>\r\n<li><a href=\"https:\/\/btshub.lu\/?page_id=709\">Application file<\/a><\/li>\r\n<li><a href=\"https:\/\/btshub.lu\/?page_id=765\">Registration key dates<\/a><\/li>\r\n<li><a href=\"https:\/\/btshub.lu\/?page_id=763\">Admission exam<\/a><\/li>\r\n<li><a href=\"https:\/\/btshub.lu\/?page_id=761\">Registration fees<\/a><\/li>\r\n<\/ul>\r\n<p>&nbsp;<\/p>\r\n<p style=\"font-weight: 400\"><span style=\"color: #e30613\"><strong>Registrations for the BTS will open in March 2026.<\/strong><\/span><\/p>\r\n<p>&nbsp;<\/p>\r\n<p><img decoding=\"async\" style=\"vertical-align: middle;height: 64px;float: left\" src=\"https:\/\/cdn4.iconfinder.com\/data\/icons\/the-weather-is-nice-today\/64\/weather_48-256.png\" \/> <a href=\"https:\/\/btshub.lu\/?page_id=627\"><strong>ATTENTION<\/strong>:\u00a0New admission conditions from the start of the 2024 academic year for holders of a\u00a0<strong><em>Dipl\u00f4me du Technicien (DT)<\/em><\/strong>\u00a0who do not have a certificate of successful completion of the preparatory modules.<\/a><\/p>\r\n<p><\/p>","protected":false},"excerpt":{"rendered":"<p>The conditions for admission to BTS studies are regulated by articles 10 to 12 of the Law of 21 July 2023 on the organisation of higher education (loi du 21 juillet 2023). We would like to draw your attention to&#8230; <a class=\"direadmore\" href=\"https:\/\/btshub.lu\/?page_id=22\"> Continue Reading&#8230;<\/a><\/p>\n","protected":false},"author":2,"featured_media":0,"parent":0,"menu_order":0,"comment_status":"closed","ping_status":"closed","template":"","meta":{"footnotes":""},"class_list":["post-22","page","type-page","status-publish","hentry"],"_links":{"self":[{"href":"https:\/\/btshub.lu\/index.php?rest_route=\/wp\/v2\/pages\/22","targetHints":{"allow":["GET"]}}],"collection":[{"href":"https:\/\/btshub.lu\/index.php?rest_route=\/wp\/v2\/pages"}],"about":[{"href":"https:\/\/btshub.lu\/index.php?rest_route=\/wp\/v2\/types\/page"}],"author":[{"embeddable":true,"href":"https:\/\/btshub.lu\/index.php?rest_route=\/wp\/v2\/users\/2"}],"replies":[{"embeddable":true,"href":"https:\/\/btshub.lu\/index.php?rest_route=%2Fwp%2Fv2%2Fcomments&post=22"}],"version-history":[{"count":104,"href":"https:\/\/btshub.lu\/index.php?rest_route=\/wp\/v2\/pages\/22\/revisions"}],"predecessor-version":[{"id":856,"href":"https:\/\/btshub.lu\/index.php?rest_route=\/wp\/v2\/pages\/22\/revisions\/856"}],"wp:attachment":[{"href":"https:\/\/btshub.lu\/index.php?rest_route=%2Fwp%2Fv2%2Fmedia&parent=22"}],"curies":[{"name":"wp","href":"https:\/\/api.w.org\/{rel}","templated":true}]}}