{"id":30,"date":"2020-07-09T08:48:44","date_gmt":"2020-07-09T07:48:44","guid":{"rendered":"https:\/\/btshub.lu\/?page_id=30"},"modified":"2025-10-13T05:16:45","modified_gmt":"2025-10-13T04:16:45","slug":"vae","status":"publish","type":"page","link":"https:\/\/btshub.lu\/?page_id=30","title":{"rendered":"Validation des acquis par l&#8217;exp\u00e9rience"},"content":{"rendered":"<h4 class=\"Heading_2 Text\">Planning session <strong>2025\/2026<\/strong><\/h4>\n<p class=\"Text\">Pour la session 2025\/2026, les dates importantes \u00e0 retenir sont les suivantes:<\/p>\n<ul>\n<li class=\"Text\"><strong>R\u00e9union d&#8217;information obligatoire <\/strong>au Lyc\u00e9e des Arts et M\u00e9tiers, site Limpertsberg<strong>, le 9. octobre 2025 \u00e0 20h00.<\/strong><\/li>\n<li class=\"Text\"><strong>Remise du dossier<\/strong> VAE dans la semaine apr\u00e8s les vacances de P\u00e2ques.<\/li>\n<li class=\"Text\">Les <strong>r\u00e9unions des commissions<\/strong> VAE auront lieu dans les semaines suivants la remise des demandes de validation.<\/li>\n<\/ul>\n<p class=\"Text\">Au cas o\u00f9 vous seriez int\u00e9ress\u00e9 par une validation de vos acquis de l\u2019exp\u00e9rience, pri\u00e8re de vous mettre en contact avec le coordinateur de la section respective pour plus d\u2019informations.<\/p>\n<p>&nbsp;<\/p>\n<hr \/>\n<h4 class=\"Heading_2 Text\">Planning session <strong>2026\/2027<\/strong><\/h4>\n<p class=\"Text\">Pour la session 2026\/2027, les dates importantes \u00e0 retenir sont les suivantes:<\/p>\n<ul>\n<li class=\"Text\"><strong>R\u00e9union d&#8217;information obligatoire <\/strong>au Lyc\u00e9e des Arts et M\u00e9tiers, site Limpertsberg<strong>, le 8. octobre 2026 \u00e0 20h00.<\/strong><\/li>\n<li class=\"Text\"><strong>Remise du dossier<\/strong> VAE dans la semaine apr\u00e8s les vacances de P\u00e2ques.<\/li>\n<li class=\"Text\">Les <strong>r\u00e9unions des commissions<\/strong> VAE auront lieu dans les semaines suivants la remise des demandes de validation.<\/li>\n<\/ul>\n<p class=\"Text\">Au cas o\u00f9 vous seriez int\u00e9ress\u00e9 par une validation de vos acquis de l\u2019exp\u00e9rience, pri\u00e8re de vous mettre en contact avec le coordinateur de la section respective pour plus d\u2019informations.<\/p>\n<p>&nbsp;<\/p>\n<hr \/>\n<h4 class=\"Heading_2 Text\">Inscription<\/h4>\n<p class=\"Text\">La participation \u00e0 la r\u00e9union d&#8217;information est obligatoire pour tous les candidats \u00e0 une validation des acquis de l\u2019exp\u00e9rience. Veuillez confirmer votre pr\u00e9sence au coordinateur de la section respective.<\/p>\n<ul>\n<li class=\"Text\">Dessin d&#8217;Animation (AN) : <a class=\"mailLink\" href=\"mailto:bts-animation@am.lu\">B\u00e9atrice WELTER<\/a><\/li>\n<li>Applied Artificial Intelligence (AI): <a class=\"mailLink\" href=\"mailto:bts-gameprogramming@am.lu\">Eric TOBIAS<\/a><\/li>\n<li class=\"Text\">Cin\u00e9ma et Audiovisuel (CAV) : <a class=\"mailLink\" href=\"mailto:bts-cinema@am.lu\">Anne SCHROEDER<\/a><\/li>\n<li>Connected Buildings and Cities (CBC) : <a class=\"mailLink\" href=\"mailto:bts-connectedbuildings@am.lu\">Georges ENGELMANN<\/a><\/li>\n<li class=\"Text\">Game Art and Game Design (AG) : <a class=\"mailLink\" href=\"mailto:bts-gameart@am.lu\">Fran\u00e7oise AHLBORN<\/a><\/li>\n<li class=\"Text\">Game Programming and Game Design (GP) : <a class=\"mailLink\" href=\"mailto:bts-gameprogramming@am.lu\">Eric TOBIAS<\/a><\/li>\n<li class=\"Text\">G\u00e9nie Technique (GT) : <a class=\"mailLink\" href=\"mailto:bts-genietechnique@am.lu\">Georges ENGELMANN<\/a><\/li>\n<li class=\"Text\">Informatique (IN) : <a class=\"mailLink\" href=\"mailto:bts-informatique@am.lu\">Robert FISCH<\/a><\/li>\n<li class=\"Text\">Internet of Things (IoT) : <a class=\"mailLink\" href=\"mailto:bts-internetofthings@am.lu\">Robert FISCH<\/a><\/li>\n<li class=\"Text\">R\u00e9alisateur Graphique (RG) : <a href=\"mailto:nicole.lanners@education.lu\">Nicole LANNERS<\/a><\/li>\n<\/ul>\n","protected":false},"excerpt":{"rendered":"<p>Planning session 2025\/2026 Pour la session 2025\/2026, les dates importantes \u00e0 retenir sont les suivantes: R\u00e9union d&#8217;information obligatoire au Lyc\u00e9e des Arts et M\u00e9tiers, site Limpertsberg, le 9. octobre 2025 \u00e0 20h00. Remise du dossier VAE dans la semaine apr\u00e8s&#8230; <a class=\"direadmore\" href=\"https:\/\/btshub.lu\/?page_id=30\"> Continue Reading&#8230;<\/a><\/p>\n","protected":false},"author":2,"featured_media":0,"parent":0,"menu_order":0,"comment_status":"closed","ping_status":"closed","template":"","meta":{"footnotes":""},"class_list":["post-30","page","type-page","status-publish","hentry"],"_links":{"self":[{"href":"https:\/\/btshub.lu\/index.php?rest_route=\/wp\/v2\/pages\/30","targetHints":{"allow":["GET"]}}],"collection":[{"href":"https:\/\/btshub.lu\/index.php?rest_route=\/wp\/v2\/pages"}],"about":[{"href":"https:\/\/btshub.lu\/index.php?rest_route=\/wp\/v2\/types\/page"}],"author":[{"embeddable":true,"href":"https:\/\/btshub.lu\/index.php?rest_route=\/wp\/v2\/users\/2"}],"replies":[{"embeddable":true,"href":"https:\/\/btshub.lu\/index.php?rest_route=%2Fwp%2Fv2%2Fcomments&post=30"}],"version-history":[{"count":34,"href":"https:\/\/btshub.lu\/index.php?rest_route=\/wp\/v2\/pages\/30\/revisions"}],"predecessor-version":[{"id":829,"href":"https:\/\/btshub.lu\/index.php?rest_route=\/wp\/v2\/pages\/30\/revisions\/829"}],"wp:attachment":[{"href":"https:\/\/btshub.lu\/index.php?rest_route=%2Fwp%2Fv2%2Fmedia&parent=30"}],"curies":[{"name":"wp","href":"https:\/\/api.w.org\/{rel}","templated":true}]}}