{"id":7,"date":"2020-07-09T08:36:45","date_gmt":"2020-07-09T08:36:45","guid":{"rendered":"https:\/\/btshub.lu\/?page_id=7"},"modified":"2026-01-21T14:14:01","modified_gmt":"2026-01-21T13:14:01","slug":"bienvenue","status":"publish","type":"page","link":"https:\/\/btshub.lu\/?page_id=7","title":{"rendered":"Welcome"},"content":{"rendered":"<p style=\"font-weight: 400\">Since 1990, the <em>Lyc\u00e9e des Arts et M\u00e9tiers<\/em> (LAM) has played a major role in BTS training. The <em>BTS Dessin d\u2019Animation<\/em> was introduced in 1990, followed by the <em>BTS R\u00e9alisateur graphique<\/em> (formerly known as the <em>BTS Op\u00e9rateur pr\u00e9presse<\/em>) in 2001.<\/p>\n<p style=\"font-weight: 400\">BTS courses underwent significant development with the adoption of the new BTS law in 2009, integrating these courses into the Bologna process. BTS courses are now credited with 120 ECTS.<\/p>\n<p style=\"font-weight: 400\">In 2010, two new BTS courses were accredited: the <em>BTS Informatique<\/em> and the <em>BTS G\u00e9nie Technique<\/em>, marking the LAM\u2019s emergence among the leading institutions offering BTS programs in the technology sector.<\/p>\n<p style=\"font-weight: 400\">In 2014, the accreditation of the <em>BTS Cinema and Audiovisual<\/em>, as well as <em>BTS G\u00e9nie Automatique<\/em>, once again expanded the family of BTS courses, confirming the LAM&#8217;s position as a major player in this field.<\/p>\n<p style=\"font-weight: 400\">On 26 June 2018, the LAM obtained accreditation for the BTS Game Programming and Game Design, BTS Game Art and Game Design, and BTS Internet of Things. In 2019, the BTS Connected Buildings and Cities replaced the <em>BTS G\u00e9nie Automatique<\/em>.<\/p>\n<p style=\"font-weight: 400\">Since June 2024, the LAM is proud to present its 10th BTS, the BTS Applied Artificial Intelligence, which will be launched in September 2024.<\/p>\n<p>Our BTS programs are accredited under the authority of the Luxembourg Ministry of Research and Higher Education, which oversees the higher education landscape and accredits BTS programs, while quality assurance is carried out independently by NVAO.<\/p>\n","protected":false},"excerpt":{"rendered":"<p>Since 1990, the Lyc\u00e9e des Arts et M\u00e9tiers (LAM) has played a major role in BTS training. The BTS Dessin d\u2019Animation was introduced in 1990, followed by the BTS R\u00e9alisateur graphique (formerly known as the BTS Op\u00e9rateur pr\u00e9presse) in 2001&#8230;. <a class=\"direadmore\" href=\"https:\/\/btshub.lu\/?page_id=7\"> Continue Reading&#8230;<\/a><\/p>\n","protected":false},"author":2,"featured_media":0,"parent":0,"menu_order":0,"comment_status":"closed","ping_status":"closed","template":"","meta":{"footnotes":""},"class_list":["post-7","page","type-page","status-publish","hentry"],"_links":{"self":[{"href":"https:\/\/btshub.lu\/index.php?rest_route=\/wp\/v2\/pages\/7","targetHints":{"allow":["GET"]}}],"collection":[{"href":"https:\/\/btshub.lu\/index.php?rest_route=\/wp\/v2\/pages"}],"about":[{"href":"https:\/\/btshub.lu\/index.php?rest_route=\/wp\/v2\/types\/page"}],"author":[{"embeddable":true,"href":"https:\/\/btshub.lu\/index.php?rest_route=\/wp\/v2\/users\/2"}],"replies":[{"embeddable":true,"href":"https:\/\/btshub.lu\/index.php?rest_route=%2Fwp%2Fv2%2Fcomments&post=7"}],"version-history":[{"count":49,"href":"https:\/\/btshub.lu\/index.php?rest_route=\/wp\/v2\/pages\/7\/revisions"}],"predecessor-version":[{"id":839,"href":"https:\/\/btshub.lu\/index.php?rest_route=\/wp\/v2\/pages\/7\/revisions\/839"}],"wp:attachment":[{"href":"https:\/\/btshub.lu\/index.php?rest_route=%2Fwp%2Fv2%2Fmedia&parent=7"}],"curies":[{"name":"wp","href":"https:\/\/api.w.org\/{rel}","templated":true}]}}